{"id":761,"date":"2021-10-10T11:15:37","date_gmt":"2021-10-10T09:15:37","guid":{"rendered":"https:\/\/foshna.com\/eshop\/?post_type=product&#038;p=761"},"modified":"2023-02-21T20:45:16","modified_gmt":"2023-02-21T19:45:16","slug":"symbol-hoodie","status":"publish","type":"product","link":"https:\/\/foshna.com\/eshop\/produkt\/symbol-hoodie\/","title":{"rendered":"Symbol Hoodie"},"content":{"rendered":"","protected":false},"excerpt":{"rendered":"<p>Symbol, nach\u00e1zej\u00edc\u00ed se na z\u00e1dech mikiny, vyjad\u0159uje podstatu Foshny, ukr\u00fdv\u00e1 mnoho z\u00e1hadn\u00fdch ot\u00e1zek a ukazuje nitro stoupenc\u016f Fathera.<\/p>\n<p>Mikina m\u00e1 na prsou ti\u0161t\u011bn\u00fd n\u00e1pis FOSHNA a na z\u00e1dech b\u00edl\u00fd Foshna Symbol.<\/p>\n","protected":false},"featured_media":820,"template":"","meta":[],"product_cat":[19],"product_tag":[],"class_list":["post-761","product","type-product","status-publish","has-post-thumbnail","hentry","product_cat-mikiny","pa_kolekce-preskuller-fall-21"],"_links":{"self":[{"href":"https:\/\/foshna.com\/eshop\/wp-json\/wp\/v2\/product\/761","targetHints":{"allow":["GET"]}}],"collection":[{"href":"https:\/\/foshna.com\/eshop\/wp-json\/wp\/v2\/product"}],"about":[{"href":"https:\/\/foshna.com\/eshop\/wp-json\/wp\/v2\/types\/product"}],"wp:featuredmedia":[{"embeddable":true,"href":"https:\/\/foshna.com\/eshop\/wp-json\/wp\/v2\/media\/820"}],"wp:attachment":[{"href":"https:\/\/foshna.com\/eshop\/wp-json\/wp\/v2\/media?parent=761"}],"wp:term":[{"taxonomy":"product_cat","embeddable":true,"href":"https:\/\/foshna.com\/eshop\/wp-json\/wp\/v2\/product_cat?post=761"},{"taxonomy":"product_tag","embeddable":true,"href":"https:\/\/foshna.com\/eshop\/wp-json\/wp\/v2\/product_tag?post=761"}],"curies":[{"name":"wp","href":"https:\/\/api.w.org\/{rel}","templated":true}]}}