{"id":654,"date":"2021-10-10T12:01:29","date_gmt":"2021-10-10T10:01:29","guid":{"rendered":"http:\/\/foshna.com\/eshop\/?post_type=product&#038;p=654"},"modified":"2023-02-21T20:43:00","modified_gmt":"2023-02-21T19:43:00","slug":"preskuller-tee","status":"publish","type":"product","link":"https:\/\/foshna.com\/eshop\/produkt\/preskuller-tee\/","title":{"rendered":"Preskuller Tee"},"content":{"rendered":"","protected":false},"excerpt":{"rendered":"<p>P\u0159ed\u0161kol\u00e1k \u201ePreskuller\u201c \u0159ezaj\u00edc\u00ed si kon\u010detiny tup\u00fdm no\u017eem je motiv, kter\u00fd lze t\u011b\u017eko popsat n\u011bkolika slovy\u2026 Jedno je v\u0161ak jasn\u00e9. To, co d\u011bla\u0301, mu rozhodne\u030c mamka nedovolila.<\/p>\n<p>Tri\u010dko m\u00e1 na prsou vy\u0161it\u00e9 mal\u00e9 fialov\u00e9 logo FOSHNA a na z\u00e1dech ti\u0161t\u011bn\u00fd design &#8222;Preskuller&#8220;.<\/p>\n","protected":false},"featured_media":818,"template":"","meta":[],"product_cat":[20],"product_tag":[],"class_list":["post-654","product","type-product","status-publish","has-post-thumbnail","hentry","product_cat-trika","pa_kolekce-preskuller-fall-21"],"_links":{"self":[{"href":"https:\/\/foshna.com\/eshop\/wp-json\/wp\/v2\/product\/654","targetHints":{"allow":["GET"]}}],"collection":[{"href":"https:\/\/foshna.com\/eshop\/wp-json\/wp\/v2\/product"}],"about":[{"href":"https:\/\/foshna.com\/eshop\/wp-json\/wp\/v2\/types\/product"}],"wp:featuredmedia":[{"embeddable":true,"href":"https:\/\/foshna.com\/eshop\/wp-json\/wp\/v2\/media\/818"}],"wp:attachment":[{"href":"https:\/\/foshna.com\/eshop\/wp-json\/wp\/v2\/media?parent=654"}],"wp:term":[{"taxonomy":"product_cat","embeddable":true,"href":"https:\/\/foshna.com\/eshop\/wp-json\/wp\/v2\/product_cat?post=654"},{"taxonomy":"product_tag","embeddable":true,"href":"https:\/\/foshna.com\/eshop\/wp-json\/wp\/v2\/product_tag?post=654"}],"curies":[{"name":"wp","href":"https:\/\/api.w.org\/{rel}","templated":true}]}}