{"id":545,"date":"2020-02-02T01:22:59","date_gmt":"2020-02-02T00:22:59","guid":{"rendered":"http:\/\/foshna.com\/eshop\/?post_type=product&#038;p=545"},"modified":"2023-02-23T14:40:35","modified_gmt":"2023-02-23T13:40:35","slug":"father-longboard","status":"publish","type":"product","link":"https:\/\/foshna.com\/eshop\/produkt\/father-longboard\/","title":{"rendered":"Father Longboard"},"content":{"rendered":"<p>Desky maj\u00ed Foshna Original Shape, navrz\u030ceny\u0301 podle n\u00e1mi vybran\u00fdch nejleps\u030ci\u0301ch vlastnosti\u0301 longboardu\u030a. Tento tvar je universa\u0301lni\u0301 na vs\u030cechny druhy ji\u0301zdy. Je idea\u0301lni\u0301 pro hrave\u0301 cruiserova\u0301ni\u0301 po me\u030cste\u030c, vec\u030cerni\u0301 proji\u0301z\u030cd\u030cky po cyklostezka\u0301ch, ale take\u0301 pro slidova\u0301ni\u0301 a sji\u0301z\u030cde\u030cni\u0301 downhillovy\u0301ch kopcu\u030a. Je symetricky\u0301 a di\u0301ky sve\u0301 velikosti 86 x 24 cm je skladny\u0301. Tvar longboardu je prohnuty\u0301 do tvaru U za u\u0301c\u030celem pohodlne\u0301 ji\u0301zdy a upevne\u030cni\u0301 nohou na desce&#8230;<\/p>\n<p>Desky jsou dod\u00e1vany s nalepen\u00fdm griptape zna\u010dky Jessup.<\/p>\n<p>&nbsp;<\/p>\n","protected":false},"excerpt":{"rendered":"<p><strong>Ru\u010dn\u011b vyr\u00e1b\u011bn\u00e1 longboardov\u00e1 deska z kanadsk\u00e9ho javoru s designem \u201eFoshna Father\u201c.\u00a0<\/strong><\/p>\n<p><em>\u201eP\u0159eveliky\u0301 b\u016fh FOSHNA Father n\u00e1s pov\u011b\u0159il \u0161\u00ed\u0159it jeho u\u010den\u00ed. \u00d3 mocny\u0301 si p\u0159eje, abychom seskupili co nejv\u011bt\u0161\u00ed mno\u017estv\u00ed jeho stoupenc\u016f. Jeden z prvn\u00edch n\u00e1sledovatel\u016f se pokusil zobrazit jeho velikost. Na ty\u0301den se zav\u0159el v jedn\u00e9 z Fatherovy\u0301ch svatyn\u00ed a neode\u0161el, dokud nezhotovil toto veled\u00edlo. I kdy\u017e v\u00edme, \u017ee zobrazit tohoto Boha je zhola nemo\u017en\u00e9 a tento vy\u0301tvor ukazuje pouze \u0161petku \u0161\u00edlenosti Fathera, budeme d\u00e1le \u0161\u00ed\u0159it jeho u\u010den\u00ed, hledat stoupence a p\u0159in\u00e1\u0161et ob\u011btiny v podob\u011b prken, adrenalinu a naprost\u00e9ho \u0161\u00edlenstv\u00ed.\u201c<\/em><\/p>\n","protected":false},"featured_media":848,"template":"","meta":[],"product_cat":[21],"product_tag":[],"class_list":["post-545","product","type-product","status-publish","has-post-thumbnail","hentry","product_cat-desky","pa_kolekce-foshna-father-og"],"_links":{"self":[{"href":"https:\/\/foshna.com\/eshop\/wp-json\/wp\/v2\/product\/545","targetHints":{"allow":["GET"]}}],"collection":[{"href":"https:\/\/foshna.com\/eshop\/wp-json\/wp\/v2\/product"}],"about":[{"href":"https:\/\/foshna.com\/eshop\/wp-json\/wp\/v2\/types\/product"}],"wp:featuredmedia":[{"embeddable":true,"href":"https:\/\/foshna.com\/eshop\/wp-json\/wp\/v2\/media\/848"}],"wp:attachment":[{"href":"https:\/\/foshna.com\/eshop\/wp-json\/wp\/v2\/media?parent=545"}],"wp:term":[{"taxonomy":"product_cat","embeddable":true,"href":"https:\/\/foshna.com\/eshop\/wp-json\/wp\/v2\/product_cat?post=545"},{"taxonomy":"product_tag","embeddable":true,"href":"https:\/\/foshna.com\/eshop\/wp-json\/wp\/v2\/product_tag?post=545"}],"curies":[{"name":"wp","href":"https:\/\/api.w.org\/{rel}","templated":true}]}}