{"id":281,"date":"2023-02-12T07:52:50","date_gmt":"2023-02-12T06:52:50","guid":{"rendered":"http:\/\/foshna.com\/eshop\/?post_type=product&#038;p=281"},"modified":"2024-01-29T10:37:54","modified_gmt":"2024-01-29T09:37:54","slug":"can-be-death-dead","status":"publish","type":"product","link":"https:\/\/foshna.com\/eshop\/produkt\/can-be-death-dead\/","title":{"rendered":"Can be Death dead?"},"content":{"rendered":"","protected":false},"excerpt":{"rendered":"<p><span style=\"font-weight: 400;\">M\u016f\u017ee smrt um\u0159\u00edt? Co je to smrt? Jak\u00e9 jsou jej\u00ed pocity? Co je \u017eivot a jeho smysl? \u2026 Design \u201eCan be Death dead?\u201c je reakc\u00ed na tyto filozofick\u00e9 ot\u00e1zky.<\/span><\/p>\n<p><span style=\"font-weight: 400;\">Mikina m\u00e1 ve p\u0159edu v\u202fprav\u00e9 \u010d\u00e1sti vy\u0161it\u00e9 &#8222;Calligraphic&#8220; logo FOSHNA a na z\u00e1dech ti\u0161t\u011bn\u00fd z\u00e1hadn\u00fd design \u201eCan be Death dead?\u201c.<\/span><\/p>\n","protected":false},"featured_media":1079,"template":"","meta":[],"product_cat":[19],"product_tag":[],"class_list":["post-281","product","type-product","status-publish","has-post-thumbnail","hentry","product_cat-mikiny","pa_kolekce-last-party-spring-23"],"_links":{"self":[{"href":"https:\/\/foshna.com\/eshop\/wp-json\/wp\/v2\/product\/281","targetHints":{"allow":["GET"]}}],"collection":[{"href":"https:\/\/foshna.com\/eshop\/wp-json\/wp\/v2\/product"}],"about":[{"href":"https:\/\/foshna.com\/eshop\/wp-json\/wp\/v2\/types\/product"}],"wp:featuredmedia":[{"embeddable":true,"href":"https:\/\/foshna.com\/eshop\/wp-json\/wp\/v2\/media\/1079"}],"wp:attachment":[{"href":"https:\/\/foshna.com\/eshop\/wp-json\/wp\/v2\/media?parent=281"}],"wp:term":[{"taxonomy":"product_cat","embeddable":true,"href":"https:\/\/foshna.com\/eshop\/wp-json\/wp\/v2\/product_cat?post=281"},{"taxonomy":"product_tag","embeddable":true,"href":"https:\/\/foshna.com\/eshop\/wp-json\/wp\/v2\/product_tag?post=281"}],"curies":[{"name":"wp","href":"https:\/\/api.w.org\/{rel}","templated":true}]}}