{"id":1193,"date":"2024-03-30T12:00:30","date_gmt":"2024-03-30T11:00:30","guid":{"rendered":"https:\/\/foshna.com\/eshop\/?post_type=product&#038;p=1193"},"modified":"2025-10-27T22:00:54","modified_gmt":"2025-10-27T21:00:54","slug":"calligraphic-cap-stone","status":"publish","type":"product","link":"https:\/\/foshna.com\/eshop\/produkt\/calligraphic-cap-stone\/","title":{"rendered":"Calligraphic cap (Stone)"},"content":{"rendered":"","protected":false},"excerpt":{"rendered":"<p>Pohodln\u00fd st\u0159ih, kvalitn\u00ed \u201ematro\u0161\u201c a k tomu elegantn\u00ed univerz\u00e1lnost\u2026 to v\u0161e charakterizuje \u010dernou man\u0161estrov\u00e1 k\u0161iltovku \u201eCalligraphic Cap \u201e. Styla\u0159 skej\u0165\u00e1k, citliv\u00e1 princezna, um\u011blec \u010di prost\u00fd Father\u016fv uct\u00edva\u010d\u2026 na tom nez\u00e1le\u017e\u00ed. Padne ti!<\/p>\n<p>K\u0161iltovka, ze s\u00e9rie \u201cCrystal clear\u201d, m\u00e1 vep\u0159edu vy\u0161it\u00e9 \u010dern\u00e9 \u201eCalligraphic\u201c logo FOSHNA a zezadu p\u00e1sek na such\u00fd zip. Uvnit\u0159 cedulka jako FOSHNA certifik\u00e1t \u201eFather\u2019s original product\u201c + skryt\u00fd Symbol.<\/p>\n<p><!-- notionvc: ecb65889-324e-45b6-8c50-a2883f5af509 --><br \/>\n<!-- notionvc: ac5c8a4f-f55b-4f27-8595-031b8f57f4ec --><\/p>\n","protected":false},"featured_media":1195,"template":"","meta":[],"product_cat":[15],"product_tag":[],"class_list":["post-1193","product","type-product","status-publish","has-post-thumbnail","hentry","product_cat-ostatni","pa_kolekce-sad-skull-spring-24"],"_links":{"self":[{"href":"https:\/\/foshna.com\/eshop\/wp-json\/wp\/v2\/product\/1193","targetHints":{"allow":["GET"]}}],"collection":[{"href":"https:\/\/foshna.com\/eshop\/wp-json\/wp\/v2\/product"}],"about":[{"href":"https:\/\/foshna.com\/eshop\/wp-json\/wp\/v2\/types\/product"}],"wp:featuredmedia":[{"embeddable":true,"href":"https:\/\/foshna.com\/eshop\/wp-json\/wp\/v2\/media\/1195"}],"wp:attachment":[{"href":"https:\/\/foshna.com\/eshop\/wp-json\/wp\/v2\/media?parent=1193"}],"wp:term":[{"taxonomy":"product_cat","embeddable":true,"href":"https:\/\/foshna.com\/eshop\/wp-json\/wp\/v2\/product_cat?post=1193"},{"taxonomy":"product_tag","embeddable":true,"href":"https:\/\/foshna.com\/eshop\/wp-json\/wp\/v2\/product_tag?post=1193"}],"curies":[{"name":"wp","href":"https:\/\/api.w.org\/{rel}","templated":true}]}}