{"id":1184,"date":"2024-03-30T12:00:41","date_gmt":"2024-03-30T11:00:41","guid":{"rendered":"https:\/\/foshna.com\/eshop\/?post_type=product&#038;p=1184"},"modified":"2025-10-27T21:59:31","modified_gmt":"2025-10-27T20:59:31","slug":"crystal-clear-hoodie","status":"publish","type":"product","link":"https:\/\/foshna.com\/eshop\/produkt\/crystal-clear-hoodie\/","title":{"rendered":"Crystal clear Hoodie"},"content":{"rendered":"","protected":false},"excerpt":{"rendered":"<p>\u010cern\u00e1 mikina s v\u00fd\u0161ivkou \u201eCalligraphic\u201c loga FOSHNA\u00a0je vhodn\u00e9 pro v\u0161echny p\u0159\u00edle\u017eitosti. Hod\u00ed se na sesh, do \u0161koly\/pr\u00e1ce, mejdan s kamar\u00e1dy a nebo i osam\u011bl\u00fd filmov\u00fd ve\u010der.<\/p>\n<p>(vhodn\u00e9 i do konzervativn\u011bj\u0161\u00edch m\u00edst:))<\/p>\n<p><!-- notionvc: 933e88b0-6fe5-4799-9f5c-ef07c179e7ae --><\/p>\n<p><!-- notionvc: 2d2767ab-ba6b-4437-91f9-2457f18f63a2 --><\/p>\n","protected":false},"featured_media":1189,"template":"","meta":[],"product_cat":[19],"product_tag":[],"class_list":["post-1184","product","type-product","status-publish","has-post-thumbnail","hentry","product_cat-mikiny","pa_kolekce-last-party-spring-23"],"_links":{"self":[{"href":"https:\/\/foshna.com\/eshop\/wp-json\/wp\/v2\/product\/1184","targetHints":{"allow":["GET"]}}],"collection":[{"href":"https:\/\/foshna.com\/eshop\/wp-json\/wp\/v2\/product"}],"about":[{"href":"https:\/\/foshna.com\/eshop\/wp-json\/wp\/v2\/types\/product"}],"wp:featuredmedia":[{"embeddable":true,"href":"https:\/\/foshna.com\/eshop\/wp-json\/wp\/v2\/media\/1189"}],"wp:attachment":[{"href":"https:\/\/foshna.com\/eshop\/wp-json\/wp\/v2\/media?parent=1184"}],"wp:term":[{"taxonomy":"product_cat","embeddable":true,"href":"https:\/\/foshna.com\/eshop\/wp-json\/wp\/v2\/product_cat?post=1184"},{"taxonomy":"product_tag","embeddable":true,"href":"https:\/\/foshna.com\/eshop\/wp-json\/wp\/v2\/product_tag?post=1184"}],"curies":[{"name":"wp","href":"https:\/\/api.w.org\/{rel}","templated":true}]}}