{"id":1168,"date":"2024-03-30T12:00:04","date_gmt":"2024-03-30T11:00:04","guid":{"rendered":"https:\/\/foshna.com\/eshop\/?post_type=product&#038;p=1168"},"modified":"2025-10-27T22:03:44","modified_gmt":"2025-10-27T21:03:44","slug":"father-og-navy","status":"publish","type":"product","link":"https:\/\/foshna.com\/eshop\/produkt\/father-og-navy\/","title":{"rendered":"Father OG Navy"},"content":{"rendered":"","protected":false},"excerpt":{"rendered":"<p><strong>Pro milovn\u00edky osv\u011bd\u010den\u00e9 kvality, Fatherova prvn\u00ed podoba kter\u00e1 v\u00e1s p\u0159enese do sv\u011bta Foshny a pom\u016f\u017ee v\u00e1m naj\u00edt cestu i v bezv\u00fdchodn\u00e9 situaci.<\/strong><\/p>\n<p><em>\u201eP\u0159eveliky\u0301 b\u016fh FOSHNA Father n\u00e1s pov\u011b\u0159il \u0161\u00ed\u0159it jeho u\u010den\u00ed. \u00d3 mocny\u0301 si p\u0159eje, abychom seskupili co nejv\u011bt\u0161\u00ed mno\u017estv\u00ed jeho stoupenc\u016f. Jeden z prvn\u00edch n\u00e1sledovatel\u016f se pokusil zobrazit jeho velikost. Na ty\u0301den se zav\u0159el v jedn\u00e9 z Fatherovy\u0301ch svatyn\u00ed a neode\u0161el, dokud nezhotovil toto veled\u00edlo. I kdy\u017e v\u00edme, \u017ee zobrazit tohoto Boha je zhola nemo\u017en\u00e9 a tento vy\u0301tvor ukazuje pouze \u0161petku \u0161\u00edlenosti Fathera, budeme d\u00e1le \u0161\u00ed\u0159it jeho u\u010den\u00ed, hledat stoupence a p\u0159in\u00e1\u0161et ob\u011btiny v podob\u011b prken, adrenalinu a naprost\u00e9ho \u0161\u00edlenstv\u00ed.\u201c<\/em><\/p>\n<p>Na tmav\u011b modr\u00e9 mikin\u011b s kapuc\u00ed se nach\u00e1z\u00ed prvn\u00ed zobrazen\u00ed \u00d3 velk\u00e9ho Foshna Fathera. Design je um\u00edst\u011bn\u00fd na z\u00e1dech. Ve p\u0159edu v prav\u00e9 \u010d\u00e1sti je vy\u0161it\u00e9 b\u00edl\u00e9 Calligraphic logo FOSHNA.<\/p>\n<p><!-- notionvc: 3bbc3673-bdf0-488e-a7b2-91266bc7834e --><\/p>\n<p><!-- notionvc: 2d2767ab-ba6b-4437-91f9-2457f18f63a2 --><\/p>\n","protected":false},"featured_media":1170,"template":"","meta":[],"product_cat":[19],"product_tag":[],"class_list":["post-1168","product","type-product","status-publish","has-post-thumbnail","hentry","product_cat-mikiny","pa_kolekce-last-party-spring-23"],"_links":{"self":[{"href":"https:\/\/foshna.com\/eshop\/wp-json\/wp\/v2\/product\/1168","targetHints":{"allow":["GET"]}}],"collection":[{"href":"https:\/\/foshna.com\/eshop\/wp-json\/wp\/v2\/product"}],"about":[{"href":"https:\/\/foshna.com\/eshop\/wp-json\/wp\/v2\/types\/product"}],"wp:featuredmedia":[{"embeddable":true,"href":"https:\/\/foshna.com\/eshop\/wp-json\/wp\/v2\/media\/1170"}],"wp:attachment":[{"href":"https:\/\/foshna.com\/eshop\/wp-json\/wp\/v2\/media?parent=1168"}],"wp:term":[{"taxonomy":"product_cat","embeddable":true,"href":"https:\/\/foshna.com\/eshop\/wp-json\/wp\/v2\/product_cat?post=1168"},{"taxonomy":"product_tag","embeddable":true,"href":"https:\/\/foshna.com\/eshop\/wp-json\/wp\/v2\/product_tag?post=1168"}],"curies":[{"name":"wp","href":"https:\/\/api.w.org\/{rel}","templated":true}]}}