{"id":1119,"date":"2024-03-30T12:00:22","date_gmt":"2024-03-30T11:00:22","guid":{"rendered":"https:\/\/foshna.com\/eshop\/?post_type=product&#038;p=1119"},"modified":"2024-03-27T11:20:17","modified_gmt":"2024-03-27T10:20:17","slug":"fancy-sweater-ocean","status":"publish","type":"product","link":"https:\/\/foshna.com\/eshop\/produkt\/fancy-sweater-ocean\/","title":{"rendered":"Fancy Sweater (Ocean)"},"content":{"rendered":"","protected":false},"excerpt":{"rendered":"<p>Vystihuje hloubku du\u0161e nositele, hlubokou jako oce\u00e1n. Pro dumav\u00e9 povahy, kter\u00e9 r\u00e1dy p\u0159em\u00edtaj\u00ed nad smyslem \u017eivota, vlnami nebo co si daj\u00ed zrovna k ve\u010de\u0159i.<!-- notionvc: ad0bfb77-594c-437e-95b6-4bd2ac224bd0 --><\/p>\n<p>Oce\u00e1nov\u011b modr\u00fd svetr m\u00e1 na prsou vy\u0161it\u00e9 Calligraphic logo FOSHNA.<!-- notionvc: 16975d42-9e42-4a40-8bd4-3e8d27f13a5d --><\/p>\n","protected":false},"featured_media":1123,"template":"","meta":[],"product_cat":[19],"product_tag":[],"class_list":["post-1119","product","type-product","status-publish","has-post-thumbnail","hentry","product_cat-mikiny","pa_kolekce-sad-skull-spring-24"],"_links":{"self":[{"href":"https:\/\/foshna.com\/eshop\/wp-json\/wp\/v2\/product\/1119","targetHints":{"allow":["GET"]}}],"collection":[{"href":"https:\/\/foshna.com\/eshop\/wp-json\/wp\/v2\/product"}],"about":[{"href":"https:\/\/foshna.com\/eshop\/wp-json\/wp\/v2\/types\/product"}],"wp:featuredmedia":[{"embeddable":true,"href":"https:\/\/foshna.com\/eshop\/wp-json\/wp\/v2\/media\/1123"}],"wp:attachment":[{"href":"https:\/\/foshna.com\/eshop\/wp-json\/wp\/v2\/media?parent=1119"}],"wp:term":[{"taxonomy":"product_cat","embeddable":true,"href":"https:\/\/foshna.com\/eshop\/wp-json\/wp\/v2\/product_cat?post=1119"},{"taxonomy":"product_tag","embeddable":true,"href":"https:\/\/foshna.com\/eshop\/wp-json\/wp\/v2\/product_tag?post=1119"}],"curies":[{"name":"wp","href":"https:\/\/api.w.org\/{rel}","templated":true}]}}